{"id":636,"date":"2025-08-25T08:43:40","date_gmt":"2025-08-25T08:43:40","guid":{"rendered":"https:\/\/www.ton618.sk\/?page_id=636"},"modified":"2025-08-25T08:45:23","modified_gmt":"2025-08-25T08:45:23","slug":"deepclub-menu","status":"publish","type":"page","link":"https:\/\/www.ton618.sk\/en\/deepclub-menu","title":{"rendered":"Deepclub Menu"},"content":{"rendered":"<div data-elementor-type=\"wp-page\" data-elementor-id=\"636\" class=\"elementor elementor-636\" data-elementor-post-type=\"page\">\n\t\t\t\t<div class=\"elementor-element elementor-element-13d56f5 e-flex e-con-boxed e-con e-parent\" data-id=\"13d56f5\" data-element_type=\"container\" data-e-type=\"container\" data-settings=\"{&quot;background_background&quot;:&quot;classic&quot;}\">\n\t\t\t\t\t<div class=\"e-con-inner\">\n\t\t\t\t<div class=\"elementor-element elementor-element-8d9be17 elementor-widget elementor-widget-heading\" data-id=\"8d9be17\" data-element_type=\"widget\" data-e-type=\"widget\" data-widget_type=\"heading.default\">\n\t\t\t\t\t<h2 class=\"elementor-heading-title elementor-size-default\">N\u00e1mestie Slobody 5, Bratislava<\/h2>\t\t\t\t<\/div>\n\t\t\t\t<div class=\"elementor-element elementor-element-474a0fb elementor-widget elementor-widget-heading\" data-id=\"474a0fb\" data-element_type=\"widget\" data-e-type=\"widget\" data-widget_type=\"heading.default\">\n\t\t\t\t\t<h2 class=\"elementor-heading-title elementor-size-default\">MENU<\/h2>\t\t\t\t<\/div>\n\t\t<div class=\"elementor-element elementor-element-947b32b e-con-full e-flex e-con e-child\" data-id=\"947b32b\" data-element_type=\"container\" data-e-type=\"container\">\n\t\t\t\t<div class=\"elementor-element elementor-element-3400e9c elementor-widget elementor-widget-button\" data-id=\"3400e9c\" data-element_type=\"widget\" data-e-type=\"widget\" data-widget_type=\"button.default\">\n\t\t\t\t\t\t\t\t\t\t<a class=\"elementor-button elementor-button-link elementor-size-sm\" href=\"#elementor-action%3Aaction%3Dpopup%3Aopen%26settings%3DeyJpZCI6IjMyMyIsInRvZ2dsZSI6ZmFsc2V9\">\n\t\t\t\t\t\t<span class=\"elementor-button-content-wrapper\">\n\t\t\t\t\t\t\t\t\t<span class=\"elementor-button-text\">Reservation<\/span>\n\t\t\t\t\t<\/span>\n\t\t\t\t\t<\/a>\n\t\t\t\t\t\t\t\t<\/div>\n\t\t\t\t<\/div>\n\t\t\t\t\t<\/div>\n\t\t\t\t<\/div>\n\t\t<div class=\"elementor-element elementor-element-72e756e e-flex e-con-boxed e-con e-parent\" data-id=\"72e756e\" data-element_type=\"container\" data-e-type=\"container\" data-settings=\"{&quot;background_background&quot;:&quot;classic&quot;}\">\n\t\t\t\t\t<div class=\"e-con-inner\">\n\t\t<div class=\"elementor-element elementor-element-94f64c7 e-con-full e-flex e-con e-child\" data-id=\"94f64c7\" data-element_type=\"container\" data-e-type=\"container\">\n\t\t\t\t<div class=\"elementor-element elementor-element-9e0e16f elementor-widget elementor-widget-image\" data-id=\"9e0e16f\" data-element_type=\"widget\" data-e-type=\"widget\" data-widget_type=\"image.default\">\n\t\t\t\t\t\t\t\t\t\t\t\t\t\t\t<img fetchpriority=\"high\" decoding=\"async\" width=\"1024\" height=\"724\" src=\"https:\/\/www.ton618.sk\/wp-content\/uploads\/2025\/08\/menu-deep-2509-1-1024x724.png\" class=\"attachment-large size-large wp-image-638\" alt=\"\" srcset=\"https:\/\/www.ton618.sk\/wp-content\/uploads\/2025\/08\/menu-deep-2509-1-1024x724.png 1024w, https:\/\/www.ton618.sk\/wp-content\/uploads\/2025\/08\/menu-deep-2509-1-300x212.png 300w, https:\/\/www.ton618.sk\/wp-content\/uploads\/2025\/08\/menu-deep-2509-1-768x543.png 768w, https:\/\/www.ton618.sk\/wp-content\/uploads\/2025\/08\/menu-deep-2509-1-1536x1086.png 1536w, https:\/\/www.ton618.sk\/wp-content\/uploads\/2025\/08\/menu-deep-2509-1-2048x1448.png 2048w\" sizes=\"(max-width: 1024px) 100vw, 1024px\" \/>\t\t\t\t\t\t\t\t\t\t\t\t\t\t\t<\/div>\n\t\t\t\t<\/div>\n\t\t\t\t\t<\/div>\n\t\t\t\t<\/div>\n\t\t<div class=\"elementor-element elementor-element-a3f7ebd e-flex e-con-boxed e-con e-parent\" data-id=\"a3f7ebd\" data-element_type=\"container\" data-e-type=\"container\" data-settings=\"{&quot;background_background&quot;:&quot;classic&quot;}\">\n\t\t\t\t\t<div class=\"e-con-inner\">\n\t\t<div class=\"elementor-element elementor-element-fcc599d e-con-full e-flex e-con e-child\" data-id=\"fcc599d\" data-element_type=\"container\" data-e-type=\"container\">\n\t\t\t\t<div class=\"elementor-element elementor-element-8e08a9a elementor-widget elementor-widget-google_maps\" data-id=\"8e08a9a\" data-element_type=\"widget\" data-e-type=\"widget\" data-widget_type=\"google_maps.default\">\n\t\t\t\t\t\t\t<div class=\"elementor-custom-embed\">\n\t\t\t<iframe loading=\"lazy\"\n\t\t\t\t\tsrc=\"https:\/\/maps.google.com\/maps?q=N%C3%A1mestie%20Slobody%205%20811%2006%20Bratislava&#038;t=m&#038;z=16&#038;output=embed&#038;iwloc=near\"\n\t\t\t\t\ttitle=\"N\u00e1mestie Slobody 5 811 06 Bratislava\"\n\t\t\t\t\taria-label=\"N\u00e1mestie Slobody 5 811 06 Bratislava\"\n\t\t\t><\/iframe>\n\t\t<\/div>\n\t\t\t\t\t\t<\/div>\n\t\t\t\t<\/div>\n\t\t<div class=\"elementor-element elementor-element-4a26ae7 e-con-full e-flex e-con e-child\" data-id=\"4a26ae7\" data-element_type=\"container\" data-e-type=\"container\">\n\t\t\t\t<div class=\"elementor-element elementor-element-ab0796d elementor-widget elementor-widget-heading\" data-id=\"ab0796d\" data-element_type=\"widget\" data-e-type=\"widget\" data-widget_type=\"heading.default\">\n\t\t\t\t\t<h2 class=\"elementor-heading-title elementor-size-default\">You will find us<\/h2>\t\t\t\t<\/div>\n\t\t\t\t<div class=\"elementor-element elementor-element-1adaabf elementor-widget elementor-widget-heading\" data-id=\"1adaabf\" data-element_type=\"widget\" data-e-type=\"widget\" data-widget_type=\"heading.default\">\n\t\t\t\t\t<h2 class=\"elementor-heading-title elementor-size-default\">You will find us<\/h2>\t\t\t\t<\/div>\n\t\t\t\t<div class=\"elementor-element elementor-element-af51103 elementor-widget elementor-widget-heading\" data-id=\"af51103\" data-element_type=\"widget\" data-e-type=\"widget\" data-widget_type=\"heading.default\">\n\t\t\t\t\t<h2 class=\"elementor-heading-title elementor-size-default\">N\u00e1mestie Slobody 5<br>\n811 06 Bratislava<br>\nSlovakia<\/h2>\t\t\t\t<\/div>\n\t\t\t\t<div class=\"elementor-element elementor-element-b217dc0 elementor-widget elementor-widget-heading\" data-id=\"b217dc0\" data-element_type=\"widget\" data-e-type=\"widget\" data-widget_type=\"heading.default\">\n\t\t\t\t\t<h2 class=\"elementor-heading-title elementor-size-default\">Opening hours<\/h2>\t\t\t\t<\/div>\n\t\t\t\t<div class=\"elementor-element elementor-element-5075de9 elementor-widget elementor-widget-heading\" data-id=\"5075de9\" data-element_type=\"widget\" data-e-type=\"widget\" data-widget_type=\"heading.default\">\n\t\t\t\t\t<h2 class=\"elementor-heading-title elementor-size-default\">Monday - Sunday:   23:00 \u2013 06:00\n<\/h2>\t\t\t\t<\/div>\n\t\t\t\t<\/div>\n\t\t\t\t\t<\/div>\n\t\t\t\t<\/div>\n\t\t<div class=\"elementor-element elementor-element-50cfd4b e-flex e-con-boxed e-con e-parent\" data-id=\"50cfd4b\" data-element_type=\"container\" data-e-type=\"container\" data-settings=\"{&quot;background_background&quot;:&quot;gradient&quot;}\">\n\t\t\t\t\t<div class=\"e-con-inner\">\n\t\t<div class=\"elementor-element elementor-element-4e016e8 e-con-full e-flex e-con e-child\" data-id=\"4e016e8\" data-element_type=\"container\" data-e-type=\"container\">\n\t\t\t\t<div class=\"elementor-element elementor-element-3b3703a elementor-view-default elementor-widget elementor-widget-icon\" data-id=\"3b3703a\" data-element_type=\"widget\" data-e-type=\"widget\" data-widget_type=\"icon.default\">\n\t\t\t\t\t\t\t<div class=\"elementor-icon-wrapper\">\n\t\t\t<div class=\"elementor-icon\">\n\t\t\t<svg xmlns=\"http:\/\/www.w3.org\/2000\/svg\" width=\"295\" height=\"160\" viewbox=\"0 0 295 160\" fill=\"none\"><path d=\"M68.2669 0V43.1662H33.9803C22.6671 43.1662 13.4636 52.3415 13.4636 63.6201C13.4636 74.8986 22.6671 84.0727 33.9803 84.0727H68.2669V97.4952H33.9803C24.904 97.4952 16.3701 93.9721 9.95322 87.5736C3.53513 81.1752 0 72.6685 0 63.6201C0 54.5716 3.53513 46.0637 9.95322 39.6665C16.3701 33.268 24.904 29.7437 33.9803 29.7437H54.8316V0H68.2669Z\" fill=\"white\"><\/path><path d=\"M68.2668 56.9093V70.3318H34.4422C30.7242 70.3318 27.7104 67.3271 27.7104 63.6205C27.7104 61.7673 28.4638 60.0888 29.6817 58.8747C30.9009 57.6605 32.5832 56.9093 34.4422 56.9093H68.2668Z\" fill=\"white\"><\/path><path d=\"M226.733 127.239V84.0732H261.02C272.333 84.0732 281.536 74.8979 281.536 63.6193C281.536 52.3407 272.333 43.1666 261.02 43.1666H226.733V29.7442H261.02C270.096 29.7442 278.63 33.2673 285.047 39.6657C291.465 46.0642 295 54.5708 295 63.6193C295 72.6677 291.465 81.1756 285.047 87.5729C278.63 93.9713 270.096 97.4956 261.02 97.4956H240.168V127.239H226.733Z\" fill=\"white\"><\/path><path d=\"M226.733 70.3304V56.9079H260.557C264.275 56.9079 267.289 59.9126 267.289 63.6192C267.289 65.4724 266.536 67.1509 265.318 68.3651C264.099 69.5792 262.416 70.3304 260.557 70.3304H226.733Z\" fill=\"white\"><\/path><path d=\"M218.722 84.0951V97.5176H185.856C174.79 97.5176 164.959 92.2508 158.75 84.0951H218.722Z\" fill=\"white\"><\/path><path d=\"M218.722 29.7665V43.1889H158.75C164.958 35.0332 174.79 29.7665 185.856 29.7665H218.722Z\" fill=\"white\"><\/path><path d=\"M152.523 56.93H218.722V70.3525H152.523C152.085 68.184 151.855 65.9391 151.855 63.6413C151.855 61.3434 152.085 59.0986 152.523 56.93Z\" fill=\"white\"><\/path><path d=\"M143.145 84.0951V97.5176H110.279C99.2125 97.5176 89.3815 92.2508 83.1722 84.0951H143.145Z\" fill=\"white\"><\/path><path d=\"M143.145 29.7665V43.1889H83.1722C89.3803 35.0332 99.2125 29.7665 110.279 29.7665H143.145Z\" fill=\"white\"><\/path><path d=\"M76.9456 56.93H143.145V70.3525H76.9456C76.5071 68.184 76.2773 65.9391 76.2773 63.6413C76.2773 61.3434 76.5071 59.0986 76.9456 56.93Z\" fill=\"white\"><\/path><path d=\"M127.371 105.31H113.936V160H127.371V105.31Z\" fill=\"white\"><\/path><path d=\"M224.338 139.329C224.338 150.727 215.035 160 203.604 160H182.56V146.577H203.604C207.612 146.577 210.874 143.325 210.874 139.329C210.874 135.333 207.612 132.08 203.604 132.08H182.56V105.31H195.995V118.657H203.604C215.035 118.657 224.338 127.931 224.338 139.329Z\" fill=\"white\"><\/path><path d=\"M79.5391 139.329C79.5391 143.325 82.8013 146.578 86.8108 146.578H107.009V160H86.8108C75.3778 160 66.0755 150.727 66.0755 139.329C66.0755 127.931 75.3778 118.658 86.8108 118.658H107.009V132.08H86.8108C82.8013 132.08 79.5391 135.332 79.5391 139.329Z\" fill=\"white\"><\/path><path d=\"M154.965 146.577C158.974 146.577 162.236 143.325 162.236 139.328V119.192H175.699V139.328C175.699 150.726 166.398 160 154.965 160C143.532 160 134.23 150.726 134.23 139.328V119.192H147.694V139.328C147.694 143.325 150.956 146.577 154.965 146.577Z\" fill=\"white\"><\/path><\/svg>\t\t\t<\/div>\n\t\t<\/div>\n\t\t\t\t\t\t<\/div>\n\t\t\t\t<div class=\"elementor-element elementor-element-a4c302d elementor-widget elementor-widget-heading\" data-id=\"a4c302d\" data-element_type=\"widget\" data-e-type=\"widget\" data-widget_type=\"heading.default\">\n\t\t\t\t\t<h2 class=\"elementor-heading-title elementor-size-default\">Contact<\/h2>\t\t\t\t<\/div>\n\t\t\t\t<div class=\"elementor-element elementor-element-a9b9126 elementor-widget elementor-widget-heading\" data-id=\"a9b9126\" data-element_type=\"widget\" data-e-type=\"widget\" data-widget_type=\"heading.default\">\n\t\t\t\t\t<h2 class=\"elementor-heading-title elementor-size-default\">Contact info<\/h2>\t\t\t\t<\/div>\n\t\t\t\t<div class=\"elementor-element elementor-element-8feafb0 elementor-widget elementor-widget-heading\" data-id=\"8feafb0\" data-element_type=\"widget\" data-e-type=\"widget\" data-widget_type=\"heading.default\">\n\t\t\t\t\t<h2 class=\"elementor-heading-title elementor-size-default\">+421 914 132 593<br>\ninfo@deepclub.sk<\/h2>\t\t\t\t<\/div>\n\t\t\t\t<div class=\"elementor-element elementor-element-264a0c0 elementor-widget elementor-widget-heading\" data-id=\"264a0c0\" data-element_type=\"widget\" data-e-type=\"widget\" data-widget_type=\"heading.default\">\n\t\t\t\t\t<h2 class=\"elementor-heading-title elementor-size-default\">ACCOUNT CONSULT, spol. s r.o.<br>\nI\u010cO: 36195880<br>\nMichalsk\u00e1 5 811 01 Bratislava<\/h2>\t\t\t\t<\/div>\n\t\t\t\t<div class=\"elementor-element elementor-element-bdff4e2 elementor-widget elementor-widget-button\" data-id=\"bdff4e2\" data-element_type=\"widget\" data-e-type=\"widget\" data-widget_type=\"button.default\">\n\t\t\t\t\t\t\t\t\t\t<a class=\"elementor-button elementor-button-link elementor-size-sm\" href=\"https:\/\/www.instagram.com\/deep_club_bratislava\/\">\n\t\t\t\t\t\t<span class=\"elementor-button-content-wrapper\">\n\t\t\t\t\t\t<span class=\"elementor-button-icon\">\n\t\t\t\t<svg xmlns=\"http:\/\/www.w3.org\/2000\/svg\" width=\"26\" height=\"26\" viewbox=\"0 0 26 26\" fill=\"none\"><path d=\"M19.675 4.825C19.3783 4.825 19.0883 4.91297 18.8416 5.0778C18.595 5.24262 18.4027 5.47689 18.2892 5.75097C18.1756 6.02506 18.1459 6.32666 18.2038 6.61763C18.2617 6.90861 18.4046 7.17588 18.6143 7.38566C18.8241 7.59544 19.0914 7.7383 19.3824 7.79618C19.6733 7.85405 19.9749 7.82435 20.249 7.71082C20.5231 7.59729 20.7574 7.40503 20.9222 7.15835C21.087 6.91168 21.175 6.62167 21.175 6.325C21.175 5.92717 21.017 5.54564 20.7357 5.26434C20.4544 4.98303 20.0728 4.825 19.675 4.825ZM25.425 7.85C25.4007 6.81287 25.2064 5.78675 24.85 4.8125C24.5322 3.97892 24.0375 3.2241 23.4 2.6C22.781 1.95928 22.0244 1.46772 21.1875 1.1625C20.2158 0.795201 19.1886 0.596512 18.15 0.575C16.825 0.5 16.4 0.5 13 0.5C9.6 0.5 9.175 0.5 7.85 0.575C6.81144 0.596512 5.78418 0.795201 4.8125 1.1625C3.9771 1.47081 3.22117 1.96195 2.6 2.6C1.95928 3.21897 1.46772 3.97555 1.1625 4.8125C0.795201 5.78418 0.596512 6.81144 0.575 7.85C0.5 9.175 0.5 9.6 0.5 13C0.5 16.4 0.5 16.825 0.575 18.15C0.596512 19.1886 0.795201 20.2158 1.1625 21.1875C1.46772 22.0244 1.95928 22.781 2.6 23.4C3.22117 24.038 3.9771 24.5292 4.8125 24.8375C5.78418 25.2048 6.81144 25.4035 7.85 25.425C9.175 25.5 9.6 25.5 13 25.5C16.4 25.5 16.825 25.5 18.15 25.425C19.1886 25.4035 20.2158 25.2048 21.1875 24.8375C22.0244 24.5323 22.781 24.0407 23.4 23.4C24.0403 22.7782 24.5354 22.0227 24.85 21.1875C25.2064 20.2132 25.4007 19.1871 25.425 18.15C25.425 16.825 25.5 16.4 25.5 13C25.5 9.6 25.5 9.175 25.425 7.85ZM23.175 18C23.1659 18.7935 23.0222 19.5796 22.75 20.325C22.5504 20.869 22.2298 21.3605 21.8125 21.7625C21.4071 22.1756 20.9165 22.4955 20.375 22.7C19.6296 22.9722 18.8435 23.1159 18.05 23.125C16.8 23.1875 16.3375 23.2 13.05 23.2C9.7625 23.2 9.3 23.2 8.05 23.125C7.22611 23.1404 6.40574 23.0136 5.625 22.75C5.10723 22.5351 4.63919 22.216 4.25 21.8125C3.83511 21.4109 3.51855 20.919 3.325 20.375C3.01982 19.6189 2.85055 18.8149 2.825 18C2.825 16.75 2.75 16.2875 2.75 13C2.75 9.7125 2.75 9.25 2.825 8C2.8306 7.18882 2.97869 6.38493 3.2625 5.625C3.48256 5.09739 3.82033 4.62707 4.25 4.25C4.62977 3.82021 5.09911 3.47887 5.625 3.25C6.38694 2.97505 7.19 2.83135 8 2.825C9.25 2.825 9.7125 2.75 13 2.75C16.2875 2.75 16.75 2.75 18 2.825C18.7935 2.8341 19.5796 2.97781 20.325 3.25C20.893 3.46082 21.4029 3.80356 21.8125 4.25C22.2221 4.63397 22.5422 5.10342 22.75 5.625C23.0278 6.38617 23.1716 7.18972 23.175 8C23.2375 9.25 23.25 9.7125 23.25 13C23.25 16.2875 23.2375 16.75 23.175 18ZM13 6.5875C11.7323 6.58997 10.4937 6.96816 9.44082 7.67427C8.38793 8.38039 7.56797 9.38274 7.08454 10.5547C6.60111 11.7266 6.4759 13.0156 6.72474 14.2587C6.97358 15.5017 7.58529 16.6432 8.48259 17.5387C9.37989 18.4343 10.5225 19.0438 11.7661 19.2902C13.0096 19.5366 14.2983 19.4089 15.4693 18.9232C16.6403 18.4375 17.6411 17.6155 18.3452 16.5613C19.0492 15.507 19.425 14.2677 19.425 13C19.4267 12.1564 19.2615 11.3208 18.939 10.5412C18.6166 9.76163 18.1432 9.05351 17.5461 8.45756C16.949 7.86161 16.2399 7.3896 15.4597 7.06866C14.6796 6.74772 13.8436 6.5842 13 6.5875ZM13 17.1625C12.1767 17.1625 11.372 16.9184 10.6874 16.461C10.0029 16.0036 9.4694 15.3535 9.15435 14.5929C8.8393 13.8323 8.75687 12.9954 8.91748 12.1879C9.07809 11.3805 9.47453 10.6388 10.0567 10.0567C10.6388 9.47453 11.3805 9.07809 12.1879 8.91748C12.9954 8.75687 13.8323 8.8393 14.5929 9.15435C15.3535 9.4694 16.0036 10.0029 16.461 10.6874C16.9184 11.372 17.1625 12.1767 17.1625 13C17.1625 13.5466 17.0548 14.0879 16.8456 14.5929C16.6365 15.0979 16.3299 15.5568 15.9433 15.9433C15.5568 16.3299 15.0979 16.6365 14.5929 16.8456C14.0879 17.0548 13.5466 17.1625 13 17.1625Z\" fill=\"#1E1E1E\"><\/path><\/svg>\t\t\t<\/span>\n\t\t\t\t\t\t\t\t\t<span class=\"elementor-button-text\">Follow us<\/span>\n\t\t\t\t\t<\/span>\n\t\t\t\t\t<\/a>\n\t\t\t\t\t\t\t\t<\/div>\n\t\t\t\t<\/div>\n\t\t<div class=\"elementor-element elementor-element-f2f54ad e-con-full e-flex e-con e-child\" data-id=\"f2f54ad\" data-element_type=\"container\" data-e-type=\"container\">\n\t\t\t\t<div class=\"elementor-element elementor-element-4c52b20 elementor-widget elementor-widget-shortcode\" data-id=\"4c52b20\" data-element_type=\"widget\" data-e-type=\"widget\" data-widget_type=\"shortcode.default\">\n\t\t\t\t\t\t\t<div class=\"elementor-shortcode\"><div class=\"forminator-ui forminator-custom-form forminator-custom-form-49 forminator-design--flat  forminator_ajax\" data-forminator-render=\"0\" data-form=\"forminator-module-49\" data-uid=\"69f50694303d4\"><br\/><\/div><form\n\t\t\t\tid=\"forminator-module-49\"\n\t\t\t\tclass=\"forminator-ui forminator-custom-form forminator-custom-form-49 forminator-design--flat  forminator_ajax\"\n\t\t\t\tmethod=\"post\"\n\t\t\t\tdata-forminator-render=\"0\"\n\t\t\t\tdata-form-id=\"49\"\n\t\t\t\t data-color-option=\"theme\" data-design=\"flat\" data-grid=\"open\" style=\"display: none;\"\n\t\t\t\tdata-uid=\"69f50694303d4\" action=\"\"\n\t\t\t><div role=\"alert\" aria-live=\"polite\" class=\"forminator-response-message forminator-error\" aria-hidden=\"true\"><\/div><div class=\"forminator-row\"><div id=\"name-1\" class=\"forminator-field-name forminator-col forminator-col-12\"><div class=\"forminator-field\"><label for=\"forminator-field-name-1_69f50694303d4\" id=\"forminator-field-name-1_69f50694303d4-label\" class=\"forminator-label\">Name <span class=\"forminator-required\">*<\/span><\/label><input type=\"text\" name=\"name-1\" value=\"\" placeholder=\"\" id=\"forminator-field-name-1_69f50694303d4\" class=\"forminator-input forminator-name--field\" aria-required=\"true\" autocomplete=\"name\" \/><\/div><\/div><\/div><div class=\"forminator-row\"><div id=\"email-1\" class=\"forminator-field-email forminator-col forminator-col-12\"><div class=\"forminator-field\"><label for=\"forminator-field-email-1_69f50694303d4\" id=\"forminator-field-email-1_69f50694303d4-label\" class=\"forminator-label\">E-mail <span class=\"forminator-required\">*<\/span><\/label><input type=\"email\" name=\"email-1\" value=\"\" placeholder=\"\" id=\"forminator-field-email-1_69f50694303d4\" class=\"forminator-input forminator-email--field\" data-required=\"1\" aria-required=\"true\" autocomplete=\"email\" \/><\/div><\/div><\/div><div class=\"forminator-row\"><div id=\"textarea-1\" class=\"forminator-field-textarea forminator-col forminator-col-12\"><div class=\"forminator-field\"><label for=\"forminator-field-textarea-1_69f50694303d4\" id=\"forminator-field-textarea-1_69f50694303d4-label\" class=\"forminator-label\">Message <span class=\"forminator-required\">*<\/span><\/label><textarea name=\"textarea-1\" placeholder=\"\" id=\"forminator-field-textarea-1_69f50694303d4\" class=\"forminator-textarea\" rows=\"6\" style=\"min-height:140px;\" ><\/textarea><\/div><\/div><\/div><input type=\"hidden\" name=\"referer_url\" value=\"\" \/><div class=\"forminator-row forminator-row-last\"><div class=\"forminator-col\"><div class=\"forminator-field\"><button class=\"forminator-button forminator-button-submit\">Send<\/button><\/div><\/div><\/div><input type=\"hidden\" id=\"forminator_nonce\" name=\"forminator_nonce\" value=\"78a343f3ed\" \/><input type=\"hidden\" name=\"_wp_http_referer\" value=\"\/en\/wp-json\/wp\/v2\/pages\/636\" \/><input type=\"hidden\" name=\"form_id\" value=\"49\"><input type=\"hidden\" name=\"page_id\" value=\"636\"><input type=\"hidden\" name=\"form_type\" value=\"default\"><input type=\"hidden\" name=\"current_url\" value=\"https:\/\/www.ton618.sk\/en\/deepclub-menu\"><input type=\"hidden\" name=\"render_id\" value=\"0\"><input type=\"hidden\" name=\"action\" value=\"forminator_submit_form_custom-forms\"><input type=\"hidden\" name=\"trp-form-language\" value=\"en\"\/><\/form><\/div>\n\t\t\t\t\t\t<\/div>\n\t\t\t\t<\/div>\n\t\t\t\t\t<\/div>\n\t\t\t\t<\/div>\n\t\t\t\t<\/div>","protected":false},"excerpt":{"rendered":"<p>N\u00e1mestie Slobody 5, Bratislava MENU Rezerv\u00e1cia N\u00e1jdete n\u00e1s N\u00e1jdete n\u00e1s N\u00e1mestie Slobody 5 811 06 Bratislava Slovensko Otv\u00e1racie hodiny Pondelok &#8211; Nede\u013ea: 23:00 \u2013 06:00 Kontakt Kontaktn\u00e9 \u00fadaje +421 914 132 593 info@deepclub.sk ACCOUNT CONSULT, spol. s r.o. I\u010cO: 36195880 Michalsk\u00e1 5 811 01 Bratislava Sleduj n\u00e1s<\/p>","protected":false},"author":1,"featured_media":0,"parent":0,"menu_order":0,"comment_status":"closed","ping_status":"closed","template":"","meta":{"footnotes":""},"class_list":["post-636","page","type-page","status-publish","hentry","entry"],"_links":{"self":[{"href":"https:\/\/www.ton618.sk\/en\/wp-json\/wp\/v2\/pages\/636","targetHints":{"allow":["GET"]}}],"collection":[{"href":"https:\/\/www.ton618.sk\/en\/wp-json\/wp\/v2\/pages"}],"about":[{"href":"https:\/\/www.ton618.sk\/en\/wp-json\/wp\/v2\/types\/page"}],"author":[{"embeddable":true,"href":"https:\/\/www.ton618.sk\/en\/wp-json\/wp\/v2\/users\/1"}],"replies":[{"embeddable":true,"href":"https:\/\/www.ton618.sk\/en\/wp-json\/wp\/v2\/comments?post=636"}],"version-history":[{"count":4,"href":"https:\/\/www.ton618.sk\/en\/wp-json\/wp\/v2\/pages\/636\/revisions"}],"predecessor-version":[{"id":641,"href":"https:\/\/www.ton618.sk\/en\/wp-json\/wp\/v2\/pages\/636\/revisions\/641"}],"wp:attachment":[{"href":"https:\/\/www.ton618.sk\/en\/wp-json\/wp\/v2\/media?parent=636"}],"curies":[{"name":"wp","href":"https:\/\/api.w.org\/{rel}","templated":true}]}}